{"id":1144,"date":"2026-02-20T21:37:29","date_gmt":"2026-02-20T20:37:29","guid":{"rendered":"https:\/\/letempleauxenergies.com\/?post_type=product&#038;p=1144"},"modified":"2026-02-20T21:49:35","modified_gmt":"2026-02-20T20:49:35","slug":"oracle-galactique-de-guidance","status":"publish","type":"product","link":"https:\/\/letempleauxenergies.com\/?product=oracle-galactique-de-guidance","title":{"rendered":"Oracle galactique de guidance"},"content":{"rendered":"<p>ORACLE GALACTIQUE de GUIDANCE<\/p>\n<p><!--more--><\/p>\n<p>Je m\u2019appelle Eric GUILLERMO, je suis m\u00e9dium \u00e9nerg\u00e9ticien, je vous pr\u00e9sente ma nouvelle cr\u00e9ation : mon ORACLE GALACTIQUE DE GUIDANCE.<\/p>\n<p>Il fait suite \u00e0 L\u2019ORACLE DE SOINS \u00c9NERG\u00c9TIQUES PAR ENCODAGE GALACTIQUE.<\/p>\n<p>Ce nouvel Oracle de guidance, compos\u00e9 de 45 cartes, propose pour chacune : un message canalis\u00e9 accompagn\u00e9 de mot-cl\u00e9s correspondant \u00e0 son \u00e9nergie.<\/p>\n<p>Chaque carte apporte un \u00e9clairage, une orientation ou une confirmation dans un moment de questionnement.<\/p>\n<p>Les messages soutiennent l\u2019intuition et favorisent l\u2019alignement int\u00e9rieur, tandis que les mots-cl\u00e9s permettent une lecture simple et intuitive.<\/p>\n<p>Il peut \u00eatre utilis\u00e9 seul pour des guidances quotidiennes ou plus approfondies, mais il est \u00e9galement compl\u00e9mentaire \u00e0 l\u2019Oracle de soins \u00e9nerg\u00e9tiques par Encodage Galactique.<\/p>\n<p>Un outil permettant d\u2019allier compr\u00e9hension, guidance et harmonisation \u00e9nerg\u00e9tique. Un outil \u00e0 la fois clair, intuitif et inspirant, au service de l\u2019\u00e9volution personnelle.<\/p>\n","protected":false},"excerpt":{"rendered":"<p>ORACLE GALACTIQUE de GUIDANCE<\/p>\n","protected":false},"featured_media":1145,"comment_status":"open","ping_status":"closed","template":"","meta":[],"product_brand":[],"product_cat":[47,48],"product_tag":[],"class_list":{"0":"post-1144","1":"product","2":"type-product","3":"status-publish","4":"has-post-thumbnail","6":"product_cat-creations-galactiques","7":"product_cat-oracles","8":"product_shipping_class-harmoniseurs-galactiques","10":"first","11":"instock","12":"shipping-taxable","13":"purchasable","14":"product-type-simple"},"yoast_head":"<!-- This site is optimized with the Yoast SEO plugin v27.4 - https:\/\/yoast.com\/product\/yoast-seo-wordpress\/ -->\n<title>Oracle galactique de guidance - leTempleAuxEnergies<\/title>\n<meta name=\"robots\" content=\"index, follow, max-snippet:-1, max-image-preview:large, max-video-preview:-1\" \/>\n<link rel=\"canonical\" href=\"https:\/\/letempleauxenergies.com\/?product=oracle-galactique-de-guidance\" \/>\n<meta property=\"og:locale\" content=\"fr_FR\" \/>\n<meta property=\"og:type\" content=\"article\" \/>\n<meta property=\"og:title\" content=\"Oracle galactique de guidance - leTempleAuxEnergies\" \/>\n<meta property=\"og:description\" content=\"ORACLE GALACTIQUE de GUIDANCE\" \/>\n<meta property=\"og:url\" content=\"https:\/\/letempleauxenergies.com\/?product=oracle-galactique-de-guidance\" \/>\n<meta property=\"og:site_name\" content=\"leTempleAuxEnergies\" \/>\n<meta property=\"article:publisher\" content=\"https:\/\/www.facebook.com\/Feeheliantra\" \/>\n<meta property=\"article:modified_time\" content=\"2026-02-20T20:49:35+00:00\" \/>\n<meta property=\"og:image\" content=\"https:\/\/letempleauxenergies.com\/wp-content\/uploads\/2026\/02\/file_00000000e83c720ab7cde7bde993beba-683x1024.png\" \/>\n\t<meta property=\"og:image:width\" content=\"683\" \/>\n\t<meta property=\"og:image:height\" content=\"1024\" \/>\n\t<meta property=\"og:image:type\" content=\"image\/png\" \/>\n<meta name=\"twitter:card\" content=\"summary_large_image\" \/>\n<meta name=\"twitter:label1\" content=\"Dur\u00e9e de lecture estim\u00e9e\" \/>\n\t<meta name=\"twitter:data1\" content=\"1 minute\" \/>\n<script type=\"application\/ld+json\" class=\"yoast-schema-graph\">{\"@context\":\"https:\\\/\\\/schema.org\",\"@graph\":[{\"@type\":\"WebPage\",\"@id\":\"https:\\\/\\\/letempleauxenergies.com\\\/?product=oracle-galactique-de-guidance\",\"url\":\"https:\\\/\\\/letempleauxenergies.com\\\/?product=oracle-galactique-de-guidance\",\"name\":\"Oracle galactique de guidance - leTempleAuxEnergies\",\"isPartOf\":{\"@id\":\"https:\\\/\\\/letempleauxenergies.com\\\/#website\"},\"primaryImageOfPage\":{\"@id\":\"https:\\\/\\\/letempleauxenergies.com\\\/?product=oracle-galactique-de-guidance#primaryimage\"},\"image\":{\"@id\":\"https:\\\/\\\/letempleauxenergies.com\\\/?product=oracle-galactique-de-guidance#primaryimage\"},\"thumbnailUrl\":\"https:\\\/\\\/letempleauxenergies.com\\\/wp-content\\\/uploads\\\/2026\\\/02\\\/file_00000000e83c720ab7cde7bde993beba.png\",\"datePublished\":\"2026-02-20T20:37:29+00:00\",\"dateModified\":\"2026-02-20T20:49:35+00:00\",\"breadcrumb\":{\"@id\":\"https:\\\/\\\/letempleauxenergies.com\\\/?product=oracle-galactique-de-guidance#breadcrumb\"},\"inLanguage\":\"fr-FR\",\"potentialAction\":[{\"@type\":\"ReadAction\",\"target\":[\"https:\\\/\\\/letempleauxenergies.com\\\/?product=oracle-galactique-de-guidance\"]}]},{\"@type\":\"ImageObject\",\"inLanguage\":\"fr-FR\",\"@id\":\"https:\\\/\\\/letempleauxenergies.com\\\/?product=oracle-galactique-de-guidance#primaryimage\",\"url\":\"https:\\\/\\\/letempleauxenergies.com\\\/wp-content\\\/uploads\\\/2026\\\/02\\\/file_00000000e83c720ab7cde7bde993beba.png\",\"contentUrl\":\"https:\\\/\\\/letempleauxenergies.com\\\/wp-content\\\/uploads\\\/2026\\\/02\\\/file_00000000e83c720ab7cde7bde993beba.png\",\"width\":1024,\"height\":1536},{\"@type\":\"BreadcrumbList\",\"@id\":\"https:\\\/\\\/letempleauxenergies.com\\\/?product=oracle-galactique-de-guidance#breadcrumb\",\"itemListElement\":[{\"@type\":\"ListItem\",\"position\":1,\"name\":\"Accueil\",\"item\":\"https:\\\/\\\/letempleauxenergies.com\\\/\"},{\"@type\":\"ListItem\",\"position\":2,\"name\":\"Boutique\",\"item\":\"https:\\\/\\\/letempleauxenergies.com\\\/?page_id=7\"},{\"@type\":\"ListItem\",\"position\":3,\"name\":\"Oracle galactique de guidance\"}]},{\"@type\":\"WebSite\",\"@id\":\"https:\\\/\\\/letempleauxenergies.com\\\/#website\",\"url\":\"https:\\\/\\\/letempleauxenergies.com\\\/\",\"name\":\"leTempleAuxEnergies\",\"description\":\"Un site utilisant WordPress\",\"publisher\":{\"@id\":\"https:\\\/\\\/letempleauxenergies.com\\\/#organization\"},\"potentialAction\":[{\"@type\":\"SearchAction\",\"target\":{\"@type\":\"EntryPoint\",\"urlTemplate\":\"https:\\\/\\\/letempleauxenergies.com\\\/?s={search_term_string}\"},\"query-input\":{\"@type\":\"PropertyValueSpecification\",\"valueRequired\":true,\"valueName\":\"search_term_string\"}}],\"inLanguage\":\"fr-FR\"},{\"@type\":\"Organization\",\"@id\":\"https:\\\/\\\/letempleauxenergies.com\\\/#organization\",\"name\":\"leTempleAuxEnergies\",\"url\":\"https:\\\/\\\/letempleauxenergies.com\\\/\",\"logo\":{\"@type\":\"ImageObject\",\"inLanguage\":\"fr-FR\",\"@id\":\"https:\\\/\\\/letempleauxenergies.com\\\/#\\\/schema\\\/logo\\\/image\\\/\",\"url\":\"https:\\\/\\\/letempleauxenergies.com\\\/wp-content\\\/uploads\\\/2024\\\/11\\\/Photoroom-20250222_161125.png\",\"contentUrl\":\"https:\\\/\\\/letempleauxenergies.com\\\/wp-content\\\/uploads\\\/2024\\\/11\\\/Photoroom-20250222_161125.png\",\"width\":1200,\"height\":1599,\"caption\":\"leTempleAuxEnergies\"},\"image\":{\"@id\":\"https:\\\/\\\/letempleauxenergies.com\\\/#\\\/schema\\\/logo\\\/image\\\/\"},\"sameAs\":[\"https:\\\/\\\/www.facebook.com\\\/Feeheliantra\",\"https:\\\/\\\/www.tiktok.com\\\/@eric.nathalie.guillermo?_t=8r3acMpCnmi&_r=1\"]}]}<\/script>\n<!-- \/ Yoast SEO plugin. -->","yoast_head_json":{"title":"Oracle galactique de guidance - leTempleAuxEnergies","robots":{"index":"index","follow":"follow","max-snippet":"max-snippet:-1","max-image-preview":"max-image-preview:large","max-video-preview":"max-video-preview:-1"},"canonical":"https:\/\/letempleauxenergies.com\/?product=oracle-galactique-de-guidance","og_locale":"fr_FR","og_type":"article","og_title":"Oracle galactique de guidance - leTempleAuxEnergies","og_description":"ORACLE GALACTIQUE de GUIDANCE","og_url":"https:\/\/letempleauxenergies.com\/?product=oracle-galactique-de-guidance","og_site_name":"leTempleAuxEnergies","article_publisher":"https:\/\/www.facebook.com\/Feeheliantra","article_modified_time":"2026-02-20T20:49:35+00:00","og_image":[{"width":683,"height":1024,"url":"https:\/\/letempleauxenergies.com\/wp-content\/uploads\/2026\/02\/file_00000000e83c720ab7cde7bde993beba-683x1024.png","type":"image\/png"}],"twitter_card":"summary_large_image","twitter_misc":{"Dur\u00e9e de lecture estim\u00e9e":"1 minute"},"schema":{"@context":"https:\/\/schema.org","@graph":[{"@type":"WebPage","@id":"https:\/\/letempleauxenergies.com\/?product=oracle-galactique-de-guidance","url":"https:\/\/letempleauxenergies.com\/?product=oracle-galactique-de-guidance","name":"Oracle galactique de guidance - leTempleAuxEnergies","isPartOf":{"@id":"https:\/\/letempleauxenergies.com\/#website"},"primaryImageOfPage":{"@id":"https:\/\/letempleauxenergies.com\/?product=oracle-galactique-de-guidance#primaryimage"},"image":{"@id":"https:\/\/letempleauxenergies.com\/?product=oracle-galactique-de-guidance#primaryimage"},"thumbnailUrl":"https:\/\/letempleauxenergies.com\/wp-content\/uploads\/2026\/02\/file_00000000e83c720ab7cde7bde993beba.png","datePublished":"2026-02-20T20:37:29+00:00","dateModified":"2026-02-20T20:49:35+00:00","breadcrumb":{"@id":"https:\/\/letempleauxenergies.com\/?product=oracle-galactique-de-guidance#breadcrumb"},"inLanguage":"fr-FR","potentialAction":[{"@type":"ReadAction","target":["https:\/\/letempleauxenergies.com\/?product=oracle-galactique-de-guidance"]}]},{"@type":"ImageObject","inLanguage":"fr-FR","@id":"https:\/\/letempleauxenergies.com\/?product=oracle-galactique-de-guidance#primaryimage","url":"https:\/\/letempleauxenergies.com\/wp-content\/uploads\/2026\/02\/file_00000000e83c720ab7cde7bde993beba.png","contentUrl":"https:\/\/letempleauxenergies.com\/wp-content\/uploads\/2026\/02\/file_00000000e83c720ab7cde7bde993beba.png","width":1024,"height":1536},{"@type":"BreadcrumbList","@id":"https:\/\/letempleauxenergies.com\/?product=oracle-galactique-de-guidance#breadcrumb","itemListElement":[{"@type":"ListItem","position":1,"name":"Accueil","item":"https:\/\/letempleauxenergies.com\/"},{"@type":"ListItem","position":2,"name":"Boutique","item":"https:\/\/letempleauxenergies.com\/?page_id=7"},{"@type":"ListItem","position":3,"name":"Oracle galactique de guidance"}]},{"@type":"WebSite","@id":"https:\/\/letempleauxenergies.com\/#website","url":"https:\/\/letempleauxenergies.com\/","name":"leTempleAuxEnergies","description":"Un site utilisant WordPress","publisher":{"@id":"https:\/\/letempleauxenergies.com\/#organization"},"potentialAction":[{"@type":"SearchAction","target":{"@type":"EntryPoint","urlTemplate":"https:\/\/letempleauxenergies.com\/?s={search_term_string}"},"query-input":{"@type":"PropertyValueSpecification","valueRequired":true,"valueName":"search_term_string"}}],"inLanguage":"fr-FR"},{"@type":"Organization","@id":"https:\/\/letempleauxenergies.com\/#organization","name":"leTempleAuxEnergies","url":"https:\/\/letempleauxenergies.com\/","logo":{"@type":"ImageObject","inLanguage":"fr-FR","@id":"https:\/\/letempleauxenergies.com\/#\/schema\/logo\/image\/","url":"https:\/\/letempleauxenergies.com\/wp-content\/uploads\/2024\/11\/Photoroom-20250222_161125.png","contentUrl":"https:\/\/letempleauxenergies.com\/wp-content\/uploads\/2024\/11\/Photoroom-20250222_161125.png","width":1200,"height":1599,"caption":"leTempleAuxEnergies"},"image":{"@id":"https:\/\/letempleauxenergies.com\/#\/schema\/logo\/image\/"},"sameAs":["https:\/\/www.facebook.com\/Feeheliantra","https:\/\/www.tiktok.com\/@eric.nathalie.guillermo?_t=8r3acMpCnmi&_r=1"]}]}},"_links":{"self":[{"href":"https:\/\/letempleauxenergies.com\/index.php?rest_route=\/wp\/v2\/product\/1144","targetHints":{"allow":["GET"]}}],"collection":[{"href":"https:\/\/letempleauxenergies.com\/index.php?rest_route=\/wp\/v2\/product"}],"about":[{"href":"https:\/\/letempleauxenergies.com\/index.php?rest_route=\/wp\/v2\/types\/product"}],"replies":[{"embeddable":true,"href":"https:\/\/letempleauxenergies.com\/index.php?rest_route=%2Fwp%2Fv2%2Fcomments&post=1144"}],"wp:featuredmedia":[{"embeddable":true,"href":"https:\/\/letempleauxenergies.com\/index.php?rest_route=\/wp\/v2\/media\/1145"}],"wp:attachment":[{"href":"https:\/\/letempleauxenergies.com\/index.php?rest_route=%2Fwp%2Fv2%2Fmedia&parent=1144"}],"wp:term":[{"taxonomy":"product_brand","embeddable":true,"href":"https:\/\/letempleauxenergies.com\/index.php?rest_route=%2Fwp%2Fv2%2Fproduct_brand&post=1144"},{"taxonomy":"product_cat","embeddable":true,"href":"https:\/\/letempleauxenergies.com\/index.php?rest_route=%2Fwp%2Fv2%2Fproduct_cat&post=1144"},{"taxonomy":"product_tag","embeddable":true,"href":"https:\/\/letempleauxenergies.com\/index.php?rest_route=%2Fwp%2Fv2%2Fproduct_tag&post=1144"}],"curies":[{"name":"wp","href":"https:\/\/api.w.org\/{rel}","templated":true}]}}