{"id":1133,"date":"2026-02-14T15:51:19","date_gmt":"2026-02-14T14:51:19","guid":{"rendered":"https:\/\/letempleauxenergies.com\/?post_type=product&#038;p=1133"},"modified":"2026-02-14T15:54:01","modified_gmt":"2026-02-14T14:54:01","slug":"tableau-phoenix-3","status":"publish","type":"product","link":"https:\/\/letempleauxenergies.com\/?product=tableau-phoenix-3","title":{"rendered":"Tableau Phoenix 3"},"content":{"rendered":"<div data-hveid=\"CCMQAQ\" data-ved=\"2ahUKEwiDsvCD0vWKAxVpVKQEHSqaK1kQj7gIegQIIxAB\">\n<div class=\"dnXCYb\" tabindex=\"0\" role=\"button\" aria-controls=\"_8pGGZ4PxJOmokdUPqrSuyQU_58\" aria-expanded=\"true\">\n<p>Cr\u00e9ation tableau<\/p>\n<div>Pi\u00e8ce unique , \u00e9nergis\u00e9e et magn\u00e9tis\u00e9e au moment de la cr\u00e9ation<\/div>\n<\/div>\n<div>Symbolique du Ph\u00e9nix :<\/div>\n<div class=\"dnXCYb\" tabindex=\"0\" role=\"button\" aria-controls=\"_8pGGZ4PxJOmokdUPqrSuyQU_58\" aria-expanded=\"true\">\n<p>Taille : 20x60cm<\/p>\n<p>&nbsp;<\/p>\n<blockquote>\n<div><\/div>\n<\/blockquote>\n<\/div>\n<\/div>\n<div id=\"_8pGGZ4PxJOmokdUPqrSuyQU_58\" class=\"bCOlv\" data-ved=\"2ahUKEwiDsvCD0vWKAxVpVKQEHSqaK1kQ7NUEegQIIxAE\">\n<div class=\"IZE3Td\">\n<div class=\"r2fjmd t0bRye Sbgr0\" data-hveid=\"CCMQBQ\" data-ved=\"2ahUKEwiDsvCD0vWKAxVpVKQEHSqaK1kQu04oAHoECCMQBQ\">\n<div id=\"8pGGZ4PxJOmokdUPqrSuyQU__16\">\n<div class=\"wDYxhc\" data-md=\"61\">\n<blockquote>\n<div data-attrid=\"wa:\/description\" data-hveid=\"CCwQAA\"><\/div>\n<\/blockquote>\n<\/div>\n<\/div>\n<\/div>\n<\/div>\n<\/div>\n","protected":false},"excerpt":{"rendered":"<p>Cr\u00e9ation tableau Pi\u00e8ce unique , \u00e9nergis\u00e9e et magn\u00e9tis\u00e9e au moment de la cr\u00e9ation Symbolique du Ph\u00e9nix : Taille : 20x60cm &nbsp;<\/p>\n","protected":false},"featured_media":1134,"comment_status":"open","ping_status":"closed","template":"","meta":[],"product_brand":[],"product_cat":[20],"product_tag":[],"class_list":{"0":"post-1133","1":"product","2":"type-product","3":"status-publish","4":"has-post-thumbnail","6":"product_cat-tableaux-en-vente","7":"product_shipping_class-colis-lourds","9":"first","10":"instock","11":"shipping-taxable","12":"product-type-simple"},"yoast_head":"<!-- This site is optimized with the Yoast SEO plugin v27.4 - https:\/\/yoast.com\/product\/yoast-seo-wordpress\/ -->\n<title>Tableau Phoenix 3 - leTempleAuxEnergies<\/title>\n<meta name=\"robots\" content=\"index, follow, max-snippet:-1, max-image-preview:large, max-video-preview:-1\" \/>\n<link rel=\"canonical\" href=\"https:\/\/letempleauxenergies.com\/?product=tableau-phoenix-3\" \/>\n<meta property=\"og:locale\" content=\"fr_FR\" \/>\n<meta property=\"og:type\" content=\"article\" \/>\n<meta property=\"og:title\" content=\"Tableau Phoenix 3 - leTempleAuxEnergies\" \/>\n<meta property=\"og:description\" content=\"Cr\u00e9ation tableau Pi\u00e8ce unique , \u00e9nergis\u00e9e et magn\u00e9tis\u00e9e au moment de la cr\u00e9ation Symbolique du Ph\u00e9nix : Taille : 20x60cm &nbsp;\" \/>\n<meta property=\"og:url\" content=\"https:\/\/letempleauxenergies.com\/?product=tableau-phoenix-3\" \/>\n<meta property=\"og:site_name\" content=\"leTempleAuxEnergies\" \/>\n<meta property=\"article:publisher\" content=\"https:\/\/www.facebook.com\/Feeheliantra\" \/>\n<meta property=\"article:modified_time\" content=\"2026-02-14T14:54:01+00:00\" \/>\n<meta property=\"og:image\" content=\"https:\/\/letempleauxenergies.com\/wp-content\/uploads\/2026\/02\/file_000000002ce07243bd0f65445b58ae69.png\" \/>\n\t<meta property=\"og:image:width\" content=\"1024\" \/>\n\t<meta property=\"og:image:height\" content=\"1536\" \/>\n\t<meta property=\"og:image:type\" content=\"image\/png\" \/>\n<meta name=\"twitter:card\" content=\"summary_large_image\" \/>\n<meta name=\"twitter:label1\" content=\"Dur\u00e9e de lecture estim\u00e9e\" \/>\n\t<meta name=\"twitter:data1\" content=\"1 minute\" \/>\n<script type=\"application\/ld+json\" class=\"yoast-schema-graph\">{\"@context\":\"https:\\\/\\\/schema.org\",\"@graph\":[{\"@type\":\"WebPage\",\"@id\":\"https:\\\/\\\/letempleauxenergies.com\\\/?product=tableau-phoenix-3\",\"url\":\"https:\\\/\\\/letempleauxenergies.com\\\/?product=tableau-phoenix-3\",\"name\":\"Tableau Phoenix 3 - leTempleAuxEnergies\",\"isPartOf\":{\"@id\":\"https:\\\/\\\/letempleauxenergies.com\\\/#website\"},\"primaryImageOfPage\":{\"@id\":\"https:\\\/\\\/letempleauxenergies.com\\\/?product=tableau-phoenix-3#primaryimage\"},\"image\":{\"@id\":\"https:\\\/\\\/letempleauxenergies.com\\\/?product=tableau-phoenix-3#primaryimage\"},\"thumbnailUrl\":\"https:\\\/\\\/letempleauxenergies.com\\\/wp-content\\\/uploads\\\/2026\\\/02\\\/file_000000002ce07243bd0f65445b58ae69.png\",\"datePublished\":\"2026-02-14T14:51:19+00:00\",\"dateModified\":\"2026-02-14T14:54:01+00:00\",\"breadcrumb\":{\"@id\":\"https:\\\/\\\/letempleauxenergies.com\\\/?product=tableau-phoenix-3#breadcrumb\"},\"inLanguage\":\"fr-FR\",\"potentialAction\":[{\"@type\":\"ReadAction\",\"target\":[\"https:\\\/\\\/letempleauxenergies.com\\\/?product=tableau-phoenix-3\"]}]},{\"@type\":\"ImageObject\",\"inLanguage\":\"fr-FR\",\"@id\":\"https:\\\/\\\/letempleauxenergies.com\\\/?product=tableau-phoenix-3#primaryimage\",\"url\":\"https:\\\/\\\/letempleauxenergies.com\\\/wp-content\\\/uploads\\\/2026\\\/02\\\/file_000000002ce07243bd0f65445b58ae69.png\",\"contentUrl\":\"https:\\\/\\\/letempleauxenergies.com\\\/wp-content\\\/uploads\\\/2026\\\/02\\\/file_000000002ce07243bd0f65445b58ae69.png\",\"width\":1024,\"height\":1536},{\"@type\":\"BreadcrumbList\",\"@id\":\"https:\\\/\\\/letempleauxenergies.com\\\/?product=tableau-phoenix-3#breadcrumb\",\"itemListElement\":[{\"@type\":\"ListItem\",\"position\":1,\"name\":\"Accueil\",\"item\":\"https:\\\/\\\/letempleauxenergies.com\\\/\"},{\"@type\":\"ListItem\",\"position\":2,\"name\":\"Boutique\",\"item\":\"https:\\\/\\\/letempleauxenergies.com\\\/?page_id=7\"},{\"@type\":\"ListItem\",\"position\":3,\"name\":\"Tableau Phoenix 3\"}]},{\"@type\":\"WebSite\",\"@id\":\"https:\\\/\\\/letempleauxenergies.com\\\/#website\",\"url\":\"https:\\\/\\\/letempleauxenergies.com\\\/\",\"name\":\"leTempleAuxEnergies\",\"description\":\"Un site utilisant WordPress\",\"publisher\":{\"@id\":\"https:\\\/\\\/letempleauxenergies.com\\\/#organization\"},\"potentialAction\":[{\"@type\":\"SearchAction\",\"target\":{\"@type\":\"EntryPoint\",\"urlTemplate\":\"https:\\\/\\\/letempleauxenergies.com\\\/?s={search_term_string}\"},\"query-input\":{\"@type\":\"PropertyValueSpecification\",\"valueRequired\":true,\"valueName\":\"search_term_string\"}}],\"inLanguage\":\"fr-FR\"},{\"@type\":\"Organization\",\"@id\":\"https:\\\/\\\/letempleauxenergies.com\\\/#organization\",\"name\":\"leTempleAuxEnergies\",\"url\":\"https:\\\/\\\/letempleauxenergies.com\\\/\",\"logo\":{\"@type\":\"ImageObject\",\"inLanguage\":\"fr-FR\",\"@id\":\"https:\\\/\\\/letempleauxenergies.com\\\/#\\\/schema\\\/logo\\\/image\\\/\",\"url\":\"https:\\\/\\\/letempleauxenergies.com\\\/wp-content\\\/uploads\\\/2024\\\/11\\\/Photoroom-20250222_161125.png\",\"contentUrl\":\"https:\\\/\\\/letempleauxenergies.com\\\/wp-content\\\/uploads\\\/2024\\\/11\\\/Photoroom-20250222_161125.png\",\"width\":1200,\"height\":1599,\"caption\":\"leTempleAuxEnergies\"},\"image\":{\"@id\":\"https:\\\/\\\/letempleauxenergies.com\\\/#\\\/schema\\\/logo\\\/image\\\/\"},\"sameAs\":[\"https:\\\/\\\/www.facebook.com\\\/Feeheliantra\",\"https:\\\/\\\/www.tiktok.com\\\/@eric.nathalie.guillermo?_t=8r3acMpCnmi&_r=1\"]}]}<\/script>\n<!-- \/ Yoast SEO plugin. -->","yoast_head_json":{"title":"Tableau Phoenix 3 - leTempleAuxEnergies","robots":{"index":"index","follow":"follow","max-snippet":"max-snippet:-1","max-image-preview":"max-image-preview:large","max-video-preview":"max-video-preview:-1"},"canonical":"https:\/\/letempleauxenergies.com\/?product=tableau-phoenix-3","og_locale":"fr_FR","og_type":"article","og_title":"Tableau Phoenix 3 - leTempleAuxEnergies","og_description":"Cr\u00e9ation tableau Pi\u00e8ce unique , \u00e9nergis\u00e9e et magn\u00e9tis\u00e9e au moment de la cr\u00e9ation Symbolique du Ph\u00e9nix : Taille : 20x60cm &nbsp;","og_url":"https:\/\/letempleauxenergies.com\/?product=tableau-phoenix-3","og_site_name":"leTempleAuxEnergies","article_publisher":"https:\/\/www.facebook.com\/Feeheliantra","article_modified_time":"2026-02-14T14:54:01+00:00","og_image":[{"width":1024,"height":1536,"url":"https:\/\/letempleauxenergies.com\/wp-content\/uploads\/2026\/02\/file_000000002ce07243bd0f65445b58ae69.png","type":"image\/png"}],"twitter_card":"summary_large_image","twitter_misc":{"Dur\u00e9e de lecture estim\u00e9e":"1 minute"},"schema":{"@context":"https:\/\/schema.org","@graph":[{"@type":"WebPage","@id":"https:\/\/letempleauxenergies.com\/?product=tableau-phoenix-3","url":"https:\/\/letempleauxenergies.com\/?product=tableau-phoenix-3","name":"Tableau Phoenix 3 - leTempleAuxEnergies","isPartOf":{"@id":"https:\/\/letempleauxenergies.com\/#website"},"primaryImageOfPage":{"@id":"https:\/\/letempleauxenergies.com\/?product=tableau-phoenix-3#primaryimage"},"image":{"@id":"https:\/\/letempleauxenergies.com\/?product=tableau-phoenix-3#primaryimage"},"thumbnailUrl":"https:\/\/letempleauxenergies.com\/wp-content\/uploads\/2026\/02\/file_000000002ce07243bd0f65445b58ae69.png","datePublished":"2026-02-14T14:51:19+00:00","dateModified":"2026-02-14T14:54:01+00:00","breadcrumb":{"@id":"https:\/\/letempleauxenergies.com\/?product=tableau-phoenix-3#breadcrumb"},"inLanguage":"fr-FR","potentialAction":[{"@type":"ReadAction","target":["https:\/\/letempleauxenergies.com\/?product=tableau-phoenix-3"]}]},{"@type":"ImageObject","inLanguage":"fr-FR","@id":"https:\/\/letempleauxenergies.com\/?product=tableau-phoenix-3#primaryimage","url":"https:\/\/letempleauxenergies.com\/wp-content\/uploads\/2026\/02\/file_000000002ce07243bd0f65445b58ae69.png","contentUrl":"https:\/\/letempleauxenergies.com\/wp-content\/uploads\/2026\/02\/file_000000002ce07243bd0f65445b58ae69.png","width":1024,"height":1536},{"@type":"BreadcrumbList","@id":"https:\/\/letempleauxenergies.com\/?product=tableau-phoenix-3#breadcrumb","itemListElement":[{"@type":"ListItem","position":1,"name":"Accueil","item":"https:\/\/letempleauxenergies.com\/"},{"@type":"ListItem","position":2,"name":"Boutique","item":"https:\/\/letempleauxenergies.com\/?page_id=7"},{"@type":"ListItem","position":3,"name":"Tableau Phoenix 3"}]},{"@type":"WebSite","@id":"https:\/\/letempleauxenergies.com\/#website","url":"https:\/\/letempleauxenergies.com\/","name":"leTempleAuxEnergies","description":"Un site utilisant WordPress","publisher":{"@id":"https:\/\/letempleauxenergies.com\/#organization"},"potentialAction":[{"@type":"SearchAction","target":{"@type":"EntryPoint","urlTemplate":"https:\/\/letempleauxenergies.com\/?s={search_term_string}"},"query-input":{"@type":"PropertyValueSpecification","valueRequired":true,"valueName":"search_term_string"}}],"inLanguage":"fr-FR"},{"@type":"Organization","@id":"https:\/\/letempleauxenergies.com\/#organization","name":"leTempleAuxEnergies","url":"https:\/\/letempleauxenergies.com\/","logo":{"@type":"ImageObject","inLanguage":"fr-FR","@id":"https:\/\/letempleauxenergies.com\/#\/schema\/logo\/image\/","url":"https:\/\/letempleauxenergies.com\/wp-content\/uploads\/2024\/11\/Photoroom-20250222_161125.png","contentUrl":"https:\/\/letempleauxenergies.com\/wp-content\/uploads\/2024\/11\/Photoroom-20250222_161125.png","width":1200,"height":1599,"caption":"leTempleAuxEnergies"},"image":{"@id":"https:\/\/letempleauxenergies.com\/#\/schema\/logo\/image\/"},"sameAs":["https:\/\/www.facebook.com\/Feeheliantra","https:\/\/www.tiktok.com\/@eric.nathalie.guillermo?_t=8r3acMpCnmi&_r=1"]}]}},"_links":{"self":[{"href":"https:\/\/letempleauxenergies.com\/index.php?rest_route=\/wp\/v2\/product\/1133","targetHints":{"allow":["GET"]}}],"collection":[{"href":"https:\/\/letempleauxenergies.com\/index.php?rest_route=\/wp\/v2\/product"}],"about":[{"href":"https:\/\/letempleauxenergies.com\/index.php?rest_route=\/wp\/v2\/types\/product"}],"replies":[{"embeddable":true,"href":"https:\/\/letempleauxenergies.com\/index.php?rest_route=%2Fwp%2Fv2%2Fcomments&post=1133"}],"wp:featuredmedia":[{"embeddable":true,"href":"https:\/\/letempleauxenergies.com\/index.php?rest_route=\/wp\/v2\/media\/1134"}],"wp:attachment":[{"href":"https:\/\/letempleauxenergies.com\/index.php?rest_route=%2Fwp%2Fv2%2Fmedia&parent=1133"}],"wp:term":[{"taxonomy":"product_brand","embeddable":true,"href":"https:\/\/letempleauxenergies.com\/index.php?rest_route=%2Fwp%2Fv2%2Fproduct_brand&post=1133"},{"taxonomy":"product_cat","embeddable":true,"href":"https:\/\/letempleauxenergies.com\/index.php?rest_route=%2Fwp%2Fv2%2Fproduct_cat&post=1133"},{"taxonomy":"product_tag","embeddable":true,"href":"https:\/\/letempleauxenergies.com\/index.php?rest_route=%2Fwp%2Fv2%2Fproduct_tag&post=1133"}],"curies":[{"name":"wp","href":"https:\/\/api.w.org\/{rel}","templated":true}]}}