{"id":734,"date":"2025-04-29T10:14:26","date_gmt":"2025-04-29T08:14:26","guid":{"rendered":"https:\/\/letempleauxenergies.com\/?page_id=734"},"modified":"2026-03-19T17:08:38","modified_gmt":"2026-03-19T16:08:38","slug":"videos","status":"publish","type":"page","link":"https:\/\/letempleauxenergies.com\/?page_id=734","title":{"rendered":"Vid\u00e9os"},"content":{"rendered":"\n<figure class=\"wp-block-video\"><video height=\"1920\" style=\"aspect-ratio: 1080 \/ 1920;\" width=\"1080\" controls src=\"https:\/\/letempleauxenergies.com\/wp-content\/uploads\/2025\/09\/1000009829.mp4\"><\/video><\/figure>\n\n\n\n<figure class=\"wp-block-video\"><video height=\"1920\" style=\"aspect-ratio: 1080 \/ 1920;\" width=\"1080\" controls src=\"https:\/\/letempleauxenergies.com\/wp-content\/uploads\/2025\/09\/1000009477.mp4\"><\/video><\/figure>\n\n\n\n<figure class=\"wp-block-video\"><video height=\"1920\" style=\"aspect-ratio: 1080 \/ 1920;\" width=\"1080\" controls src=\"https:\/\/letempleauxenergies.com\/wp-content\/uploads\/2025\/09\/1000009248.mp4\"><\/video><\/figure>\n\n\n\n<figure class=\"wp-block-video\"><video height=\"1024\" style=\"aspect-ratio: 576 \/ 1024;\" width=\"576\" controls src=\"https:\/\/letempleauxenergies.com\/wp-content\/uploads\/2025\/09\/1000009924.mp4\"><\/video><\/figure>\n\n\n\n<p><a href=\"https:\/\/www.tiktok.com\/@heliantra?_t=ZN-8zfGNFM4gLu&amp;_r=1\"><strong>D\u00e9couvrez mes vid\u00e9os sur tiktok<\/strong><\/a><\/p>\n\n\n\n<p><a href=\"https:\/\/www.tiktok.com\/@heliantra?_t=ZN-8zfGNFM4gLu&amp;_r=1\"><strong>pour suivre Nathalie : <mark style=\"background-color:rgba(0, 0, 0, 0);color:#de1e00\" class=\"has-inline-color\">ici<\/mark><\/strong><\/a><\/p>\n\n\n\n<p><\/p>\n","protected":false},"excerpt":{"rendered":"<p>D\u00e9couvrez mes vid\u00e9os sur tiktok pour suivre Nathalie : ici<\/p>\n","protected":false},"author":1,"featured_media":0,"parent":0,"menu_order":0,"comment_status":"closed","ping_status":"closed","template":"","meta":{"footnotes":""},"class_list":["post-734","page","type-page","status-publish","hentry"],"yoast_head":"<!-- This site is optimized with the Yoast SEO plugin v27.4 - https:\/\/yoast.com\/product\/yoast-seo-wordpress\/ -->\n<title>Vid\u00e9os - leTempleAuxEnergies<\/title>\n<meta name=\"robots\" content=\"index, follow, max-snippet:-1, max-image-preview:large, max-video-preview:-1\" \/>\n<link rel=\"canonical\" href=\"https:\/\/letempleauxenergies.com\/?page_id=734\" \/>\n<meta property=\"og:locale\" content=\"fr_FR\" \/>\n<meta property=\"og:type\" content=\"article\" \/>\n<meta property=\"og:title\" content=\"Vid\u00e9os - leTempleAuxEnergies\" \/>\n<meta property=\"og:description\" content=\"D\u00e9couvrez mes vid\u00e9os sur tiktok pour suivre Nathalie : ici\" \/>\n<meta property=\"og:url\" content=\"https:\/\/letempleauxenergies.com\/?page_id=734\" \/>\n<meta property=\"og:site_name\" content=\"leTempleAuxEnergies\" \/>\n<meta property=\"article:publisher\" content=\"https:\/\/www.facebook.com\/Feeheliantra\" \/>\n<meta property=\"article:modified_time\" content=\"2026-03-19T16:08:38+00:00\" \/>\n<meta name=\"twitter:card\" content=\"summary_large_image\" \/>\n<meta name=\"twitter:label1\" content=\"Dur\u00e9e de lecture estim\u00e9e\" \/>\n\t<meta name=\"twitter:data1\" content=\"1 minute\" \/>\n<script type=\"application\/ld+json\" class=\"yoast-schema-graph\">{\"@context\":\"https:\\\/\\\/schema.org\",\"@graph\":[{\"@type\":\"WebPage\",\"@id\":\"https:\\\/\\\/letempleauxenergies.com\\\/?page_id=734\",\"url\":\"https:\\\/\\\/letempleauxenergies.com\\\/?page_id=734\",\"name\":\"Vid\u00e9os - leTempleAuxEnergies\",\"isPartOf\":{\"@id\":\"https:\\\/\\\/letempleauxenergies.com\\\/#website\"},\"datePublished\":\"2025-04-29T08:14:26+00:00\",\"dateModified\":\"2026-03-19T16:08:38+00:00\",\"breadcrumb\":{\"@id\":\"https:\\\/\\\/letempleauxenergies.com\\\/?page_id=734#breadcrumb\"},\"inLanguage\":\"fr-FR\",\"potentialAction\":[{\"@type\":\"ReadAction\",\"target\":[\"https:\\\/\\\/letempleauxenergies.com\\\/?page_id=734\"]}]},{\"@type\":\"BreadcrumbList\",\"@id\":\"https:\\\/\\\/letempleauxenergies.com\\\/?page_id=734#breadcrumb\",\"itemListElement\":[{\"@type\":\"ListItem\",\"position\":1,\"name\":\"Accueil\",\"item\":\"https:\\\/\\\/letempleauxenergies.com\\\/\"},{\"@type\":\"ListItem\",\"position\":2,\"name\":\"Vid\u00e9os\"}]},{\"@type\":\"WebSite\",\"@id\":\"https:\\\/\\\/letempleauxenergies.com\\\/#website\",\"url\":\"https:\\\/\\\/letempleauxenergies.com\\\/\",\"name\":\"leTempleAuxEnergies\",\"description\":\"Un site utilisant WordPress\",\"publisher\":{\"@id\":\"https:\\\/\\\/letempleauxenergies.com\\\/#organization\"},\"potentialAction\":[{\"@type\":\"SearchAction\",\"target\":{\"@type\":\"EntryPoint\",\"urlTemplate\":\"https:\\\/\\\/letempleauxenergies.com\\\/?s={search_term_string}\"},\"query-input\":{\"@type\":\"PropertyValueSpecification\",\"valueRequired\":true,\"valueName\":\"search_term_string\"}}],\"inLanguage\":\"fr-FR\"},{\"@type\":\"Organization\",\"@id\":\"https:\\\/\\\/letempleauxenergies.com\\\/#organization\",\"name\":\"leTempleAuxEnergies\",\"url\":\"https:\\\/\\\/letempleauxenergies.com\\\/\",\"logo\":{\"@type\":\"ImageObject\",\"inLanguage\":\"fr-FR\",\"@id\":\"https:\\\/\\\/letempleauxenergies.com\\\/#\\\/schema\\\/logo\\\/image\\\/\",\"url\":\"https:\\\/\\\/letempleauxenergies.com\\\/wp-content\\\/uploads\\\/2024\\\/11\\\/Photoroom-20250222_161125.png\",\"contentUrl\":\"https:\\\/\\\/letempleauxenergies.com\\\/wp-content\\\/uploads\\\/2024\\\/11\\\/Photoroom-20250222_161125.png\",\"width\":1200,\"height\":1599,\"caption\":\"leTempleAuxEnergies\"},\"image\":{\"@id\":\"https:\\\/\\\/letempleauxenergies.com\\\/#\\\/schema\\\/logo\\\/image\\\/\"},\"sameAs\":[\"https:\\\/\\\/www.facebook.com\\\/Feeheliantra\",\"https:\\\/\\\/www.tiktok.com\\\/@eric.nathalie.guillermo?_t=8r3acMpCnmi&_r=1\"]}]}<\/script>\n<!-- \/ Yoast SEO plugin. -->","yoast_head_json":{"title":"Vid\u00e9os - leTempleAuxEnergies","robots":{"index":"index","follow":"follow","max-snippet":"max-snippet:-1","max-image-preview":"max-image-preview:large","max-video-preview":"max-video-preview:-1"},"canonical":"https:\/\/letempleauxenergies.com\/?page_id=734","og_locale":"fr_FR","og_type":"article","og_title":"Vid\u00e9os - leTempleAuxEnergies","og_description":"D\u00e9couvrez mes vid\u00e9os sur tiktok pour suivre Nathalie : ici","og_url":"https:\/\/letempleauxenergies.com\/?page_id=734","og_site_name":"leTempleAuxEnergies","article_publisher":"https:\/\/www.facebook.com\/Feeheliantra","article_modified_time":"2026-03-19T16:08:38+00:00","twitter_card":"summary_large_image","twitter_misc":{"Dur\u00e9e de lecture estim\u00e9e":"1 minute"},"schema":{"@context":"https:\/\/schema.org","@graph":[{"@type":"WebPage","@id":"https:\/\/letempleauxenergies.com\/?page_id=734","url":"https:\/\/letempleauxenergies.com\/?page_id=734","name":"Vid\u00e9os - leTempleAuxEnergies","isPartOf":{"@id":"https:\/\/letempleauxenergies.com\/#website"},"datePublished":"2025-04-29T08:14:26+00:00","dateModified":"2026-03-19T16:08:38+00:00","breadcrumb":{"@id":"https:\/\/letempleauxenergies.com\/?page_id=734#breadcrumb"},"inLanguage":"fr-FR","potentialAction":[{"@type":"ReadAction","target":["https:\/\/letempleauxenergies.com\/?page_id=734"]}]},{"@type":"BreadcrumbList","@id":"https:\/\/letempleauxenergies.com\/?page_id=734#breadcrumb","itemListElement":[{"@type":"ListItem","position":1,"name":"Accueil","item":"https:\/\/letempleauxenergies.com\/"},{"@type":"ListItem","position":2,"name":"Vid\u00e9os"}]},{"@type":"WebSite","@id":"https:\/\/letempleauxenergies.com\/#website","url":"https:\/\/letempleauxenergies.com\/","name":"leTempleAuxEnergies","description":"Un site utilisant WordPress","publisher":{"@id":"https:\/\/letempleauxenergies.com\/#organization"},"potentialAction":[{"@type":"SearchAction","target":{"@type":"EntryPoint","urlTemplate":"https:\/\/letempleauxenergies.com\/?s={search_term_string}"},"query-input":{"@type":"PropertyValueSpecification","valueRequired":true,"valueName":"search_term_string"}}],"inLanguage":"fr-FR"},{"@type":"Organization","@id":"https:\/\/letempleauxenergies.com\/#organization","name":"leTempleAuxEnergies","url":"https:\/\/letempleauxenergies.com\/","logo":{"@type":"ImageObject","inLanguage":"fr-FR","@id":"https:\/\/letempleauxenergies.com\/#\/schema\/logo\/image\/","url":"https:\/\/letempleauxenergies.com\/wp-content\/uploads\/2024\/11\/Photoroom-20250222_161125.png","contentUrl":"https:\/\/letempleauxenergies.com\/wp-content\/uploads\/2024\/11\/Photoroom-20250222_161125.png","width":1200,"height":1599,"caption":"leTempleAuxEnergies"},"image":{"@id":"https:\/\/letempleauxenergies.com\/#\/schema\/logo\/image\/"},"sameAs":["https:\/\/www.facebook.com\/Feeheliantra","https:\/\/www.tiktok.com\/@eric.nathalie.guillermo?_t=8r3acMpCnmi&_r=1"]}]}},"_links":{"self":[{"href":"https:\/\/letempleauxenergies.com\/index.php?rest_route=\/wp\/v2\/pages\/734","targetHints":{"allow":["GET"]}}],"collection":[{"href":"https:\/\/letempleauxenergies.com\/index.php?rest_route=\/wp\/v2\/pages"}],"about":[{"href":"https:\/\/letempleauxenergies.com\/index.php?rest_route=\/wp\/v2\/types\/page"}],"author":[{"embeddable":true,"href":"https:\/\/letempleauxenergies.com\/index.php?rest_route=\/wp\/v2\/users\/1"}],"replies":[{"embeddable":true,"href":"https:\/\/letempleauxenergies.com\/index.php?rest_route=%2Fwp%2Fv2%2Fcomments&post=734"}],"version-history":[{"count":3,"href":"https:\/\/letempleauxenergies.com\/index.php?rest_route=\/wp\/v2\/pages\/734\/revisions"}],"predecessor-version":[{"id":1184,"href":"https:\/\/letempleauxenergies.com\/index.php?rest_route=\/wp\/v2\/pages\/734\/revisions\/1184"}],"wp:attachment":[{"href":"https:\/\/letempleauxenergies.com\/index.php?rest_route=%2Fwp%2Fv2%2Fmedia&parent=734"}],"curies":[{"name":"wp","href":"https:\/\/api.w.org\/{rel}","templated":true}]}}